{"id":6555,"date":"2025-11-13T15:41:34","date_gmt":"2025-11-13T14:41:34","guid":{"rendered":"https:\/\/misje.karmelitanki.pl\/?page_id=6555"},"modified":"2026-03-07T14:53:12","modified_gmt":"2026-03-07T13:53:12","slug":"piekno-kruchego-dzbana","status":"publish","type":"page","link":"https:\/\/misje.karmelitanki.pl\/?page_id=6555","title":{"rendered":"PI\u0118KNO KRUCHEGO DZBANA"},"content":{"rendered":"\n<h2 class=\"wp-block-heading\" id=\"block-88c097a9-d36d-4ba1-b6e8-9ccb8aa7b47f\">O historii, w kt\u00f3rej ko\u0144ce staj\u0105 si\u0119 nowymi pocz\u0105tkami<\/h2>\n\n\n\n<p id=\"block-b07e7c4a-4672-48d1-90e1-200283a92201\">Pewnego s\u0142onecznego popo\u0142udnia, kiedy wiatr cicho szumia\u0142 w\u015br\u00f3d drzew, a dzieci biega\u0142y radosnymi \u015bcie\u017ckami, misjonarz, pe\u0142en ciep\u0142a i m\u0105dro\u015bci, zebra\u0142 wok\u00f3\u0142 siebie wszystkich \u2013 doros\u0142ych i dzieci. Wzrok ka\u017cdego z nich by\u0142 skupiony na nim, bo wiedzieli, \u017ce zaraz us\u0142ysz\u0105 co\u015b wyj\u0105tkowego. Misjonarz u\u015bmiechn\u0105\u0142 si\u0119 \u0142agodnie, a jego oczy b\u0142yszcza\u0142y, jakby skrywa\u0142y w sobie tajemnic\u0119. Wzi\u0105\u0142 g\u0142\u0119boki oddech i zacz\u0105\u0142:<\/p>\n\n\n\n<p id=\"block-6d44ff14-cebd-4c53-a51c-8c2925cef22e\">\u201eDzi\u015b opowiem Wam histori\u0119, kt\u00f3ra mo\u017ce wydawa\u0107 si\u0119 zwyczajn\u0105 bajk\u0105, ale niesie ze sob\u0105 prawd\u0119, kt\u00f3r\u0105 warto zapami\u0119ta\u0107 na ca\u0142e \u017cycie&#8230;\u201d<\/p>\n\n\n\n<p id=\"block-f270e919-f2dc-452e-ace8-0328d8db7bd3\">I tak, z tymi s\u0142owami, rozpocz\u0105\u0142 opowie\u015b\u0107 o p\u0119kni\u0119tym dzbanie, kt\u00f3ry, mimo swojego uszkodzenia, sta\u0142 si\u0119 po\u017cyteczny i pe\u0142en nowego sensu.<\/p>\n\n\n\n<p id=\"block-b8fd802e-cea6-42df-8a01-8fa8ab42a2a6\">xxxxxxxxxxxxxxxxxxxxxxxxxxxxxxxxxxxxxxxxxxxxxxxxxxxxxxxxxxxxxxxxxxxxxxxxxxxxxxxxxxxxxxxxxxxxxxxxxxxxxxxxxx<\/p>\n\n\n\n<p id=\"block-363d502d-3ff7-41d4-b8c6-9124c5689655\">W sercu afryka\u0144skiej ziemi, po\u015br\u00f3d b\u0142ogich wzg\u00f3rz i t\u0119tni\u0105cego ciep\u0142em wiatru, \u017cyli bracia mnisi. Ich \u017cycie by\u0142o spokojne, pe\u0142ne prostoty. Z dala od miejskiego zgie\u0142ku codziennie uprawiali sw\u00f3j ma\u0142y ogr\u00f3dek i czerpali rado\u015b\u0107 z dar\u00f3w ziemi. Lecz jak to bywa w tej dzikiej krainie, woda nie by\u0142a w zasi\u0119gu r\u0119ki. Codziennie musieli w\u0119drowa\u0107 po ni\u0105 do \u017ar\u00f3d\u0142a, nios\u0105c ci\u0119\u017ckie dzbany na ramionach i g\u0142owach \u2013 dla siebie, dla ro\u015blin, dla \u017cycia.<\/p>\n\n\n\n<p id=\"block-377649bf-6592-4ea0-a049-c2e366dc4cb8\">Tego roku nadesz\u0142a pot\u0119\u017cna susza. Ziemia wysch\u0142a, a \u017ar\u00f3d\u0142o, kt\u00f3re jeszcze niedawno obdarza\u0142o ich ch\u0142odn\u0105 wod\u0105, zacz\u0119\u0142o wysycha\u0107. Sytuacja sta\u0142a si\u0119 dramatyczna. Wkr\u00f3tce zabrak\u0142o nawet dzban\u00f3w. Ka\u017cdy z braci stara\u0142 si\u0119 znale\u017a\u0107 cho\u0107by najmniejsze naczynie, by cho\u0107 troch\u0119 pom\u00f3c ziemi, ro\u015blinom, sobie.<\/p>\n\n\n\n<p id=\"block-f572b278-05fa-40b6-ac76-cb6a3e8bdd0f\">W starej, zapomnianej szopie, po\u015br\u00f3d kurzu, le\u017ca\u0142 dzban. By\u0142 stary, p\u0119kni\u0119ty, z licznymi rysami, pokryty cienk\u0105 warstw\u0105 py\u0142u, jakby zapomniany przez czas. Inne dzbany by\u0142y l\u015bni\u0105ce i mocne, gotowe do wype\u0142nienia wod\u0105, ale ten jeden \u2013 ten zdawa\u0142 si\u0119 niepotrzebny. Czu\u0142 si\u0119 porzucony, zawstydzony swoimi s\u0142abo\u015bciami.<\/p>\n\n\n\n<p id=\"block-de3c65af-33d9-4b7b-8c3f-1b86329253e9\"><\/p>\n\n\n\n<p id=\"block-a709f018-cf5e-45fe-9435-1d64b9b3a512\">\u201eKiedy\u015b nios\u0142em wod\u0119 z dum\u0105&#8230;\u201d \u2013 szepta\u0142 do siebie. \u201eTeraz tylko le\u017c\u0119, jak kamie\u0144, niepotrzebny.\u201d Ca\u0142ymi dniami marzy\u0142, by cho\u0107 raz jeszcze przynie\u015b\u0107 wod\u0119, zanim ca\u0142kowicie si\u0119 rozsypie.<\/p>\n\n\n\n<p id=\"block-c43ac86b-8653-4376-ac61-3884c7e7e324\"><br>I wtedy, w tym czasie najm\u0142odszy mnich, szukaj\u0105c jakiego\u015b naczynia , zauwa\u017cy\u0142 ten stary dzban. Z wahaniem podni\u00f3s\u0142 go.<\/p>\n\n\n\n<p id=\"block-08118e7d-b9ff-4e9c-b883-f011711770d7\"><\/p>\n\n\n\n<p id=\"block-c0af251e-adf7-4c83-b767-d02368b62d9e\">\u2013 Mo\u017ce&#8230; mo\u017ce jeszcze da rad\u0119 \u2013 mrukn\u0105\u0142, jakby nie wierz\u0105c, \u017ce to mo\u017cliwe.<\/p>\n\n\n\n<p id=\"block-6df29bdf-e2a2-42dd-bf71-7d8bd7b44f7b\">Stary dzban zadr\u017ca\u0142, ale nie odezwa\u0142 si\u0119. Czu\u0142 tylko jedno w sercu: \u201eMusz\u0119 wytrwa\u0107.\u201d<\/p>\n\n\n\n<p id=\"block-727e7298-8667-4a58-a411-c25c9324b20b\">Mnich dotar\u0142 do \u017ar\u00f3d\u0142a, nape\u0142ni\u0142 dzban ch\u0142odn\u0105, czyst\u0105 wod\u0105 i wyruszy\u0142 w drog\u0119 powrotn\u0105. Z ka\u017cdym krokiem dzban j\u0119cza\u0142, jakby modli\u0142 si\u0119, by nie p\u0119kn\u0105\u0107. Ale jego stare cia\u0142o nie wytrzyma\u0142o \u2013 m\u0142ode kroki mnicha by\u0142y zbyt energiczne. Z hukiem dzban rozpad\u0142 si\u0119 na kawa\u0142ki, a woda rozla\u0142a si\u0119 po ziemi. Mnich spojrza\u0142 na to z \u017calem.<\/p>\n\n\n\n<p id=\"block-823a3f33-0399-4f26-87bd-a50ab5f78b2c\">\u2013 Wiedzia\u0142em, \u017ce nie mo\u017cna na tobie polega\u0107 \u2013 westchn\u0105\u0142, odchodz\u0105c, zostawiaj\u0105c roztrzaskane skorupy.<\/p>\n\n\n\n<p id=\"block-621b04cb-3e5a-465e-ab60-0a696d6670a6\">Wydawa\u0142o si\u0119, \u017ce to ju\u017c koniec&#8230;<\/p>\n\n\n\n<p id=\"block-374040bc-5029-4fb2-b134-6821c9971ac4\">Rozbite kawa\u0142ki dzbana u\u0142o\u017cy\u0142y si\u0119 w dziwny spos\u00f3b, tworz\u0105c ma\u0142e miseczki, w kt\u00f3rych pozosta\u0142o troch\u0119 wody. Ptaki, spragnione i zm\u0119czone po dalekich podr\u00f3\u017cach, przylecia\u0142y i zacz\u0119\u0142y pi\u0107. Woda pluska\u0142a w skorupkach, a ptaki rozwin\u0119\u0142y skrzyd\u0142a, czuj\u0105c, jak powraca do nich \u017cycie. Ma\u0142e drzewko, kt\u00f3re przez wiele dni wi\u0119d\u0142o w suszy, teraz zacz\u0119\u0142o rosn\u0105\u0107, si\u0119gaj\u0105c wilgoci z ziemi, a jego li\u015bcie zacz\u0119\u0142y si\u0119 rozwija\u0107. Ptaki usiad\u0142y na ga\u0142\u0119ziach i za\u0142o\u017cy\u0142y gniazda.<\/p>\n\n\n\n<p id=\"block-51631b14-7b07-4f7a-86ea-2b36ddc19690\"><\/p>\n\n\n\n<p id=\"block-8505a747-adb3-442a-88b4-a463b475fa3e\"><\/p>\n\n\n\n<p id=\"block-8f857af8-b8e5-40d5-a973-63136365a7d1\">Pewnego dnia przez step przeje\u017cd\u017ca\u0142 bogaty cz\u0142owiek, kt\u00f3ry zbiera\u0142 zniszczone rzeczy i przemienia\u0142 je w pi\u0119kno.Zauwa\u017cy\u0142 le\u017c\u0105ce kawa\u0142ki dzbana i, z szacunkiem, dotkn\u0105\u0142 ich. Wezwa\u0142 swoich s\u0142ug:<\/p>\n\n\n\n<p id=\"block-95f18a6c-690c-44e0-9f65-3c8f28aeb510\">\u2013 Sklejcie ten dzban, ale nie ukrywajcie p\u0119kni\u0119\u0107. Wype\u0142nijcie je z\u0142otem.\u201d<\/p>\n\n\n\n<p id=\"block-6451a37b-bcdf-44d3-8d57-421212cf7e62\">I tak zrobili.<\/p>\n\n\n\n<p id=\"block-6734754d-e28a-49ab-92f7-1b8b54b64d4e\">Z dawnych ran, z p\u0119kni\u0119\u0107 i niedoskona\u0142o\u015bci, powsta\u0142o co\u015b nowego \u2013 dzban l\u015bni\u0105cy z\u0142otymi \u017cy\u0142ami, ja\u015bniejszy ni\u017c wcze\u015bniej, dumny z historii, kt\u00f3r\u0105 nosi\u0142. Sta\u0142 teraz w komnatach bogatego cz\u0142owieka, kt\u00f3ry z dum\u0105 i rado\u015bci\u0105 spogl\u0105da\u0142 na sw\u00f3j skarb.<\/p>\n\n\n\n<p id=\"block-c1bcea6c-b854-4c1f-b4c9-31b8a43e5274\">Bogaty cz\u0142owiek, cho\u0107 mia\u0142 wiele dzban\u00f3w, patrzy\u0142 na ten jeden jak na najcenniejszy skarb. Bo dostrzega\u0142 w nim nie tylko glin\u0119 i z\u0142oto. Widzia\u0142 w nim wytrwa\u0142o\u015b\u0107, ofiarno\u015b\u0107 i przemian\u0119.<\/p>\n\n\n\n<p id=\"block-87ac2cef-e785-446e-8d43-28f6cbc85fbc\">M\u0142ody mnich, przechodz\u0105c obok miejsca, gdzie zostawi\u0142 rozbity dzban, zatrzyma\u0142 si\u0119 z zachwytem, zobaczy\u0142 bowiem kwitn\u0105ce drzewo i pe\u0142ne \u015bpiewu ptaki.<\/p>\n\n\n\n<p id=\"block-ee6ec2e3-2704-478b-8de7-32ef15a9aa46\">Co si\u0119 sta\u0142o z dzbanem? Zapyta\u0142 siebie zdumiony.<\/p>\n\n\n\n<p id=\"block-0188264a-485e-4d47-8775-d743d6dd357e\"><\/p>\n\n\n\n<p id=\"block-99e332a4-d977-4cab-8514-525df7772f21\"><\/p>\n\n\n\n<p id=\"block-59ea9a8a-25bc-4555-8bbf-7a3a41f596f6\">Dzi\u015b razem z misjonarzem zanurzymy si\u0119 w opowie\u015b\u0107 o dzbanie, o jego losie i o nas samych. Ka\u017cdy z nas, podobnie jak dzban, ma swoje chwile \u015bwietno\u015bci, z\u0142amane momenty i zranienia. I cho\u0107 w Afryce m\u00f3wi si\u0119: 'Rozbity dzban to koniec&#8217;, mo\u017ce to tylko pocz\u0105tek. Z jego p\u0119kni\u0119\u0107 wyp\u0142ywa woda, kt\u00f3ra daje \u017cycie innym. Tak jak my \u2013 po ka\u017cdym upadku, mimo ran, mo\u017cemy dawa\u0107 co\u015b pi\u0119knego.<\/p>\n\n\n\n<p id=\"block-0c999ecf-3265-40c0-bba8-d7ac01c7b37f\">Pami\u0119tajmy, jak m\u0142ody mnich zauwa\u017cy\u0142 stary dzban, kt\u00f3ry mimo p\u0119kni\u0119\u0107 wci\u0105\u017c m\u00f3g\u0142 dawa\u0107 wod\u0119. My r\u00f3wnie\u017c, cho\u0107 z biegiem lat nosimy \u015blady \u017cycia, wci\u0105\u017c mamy w sobie warto\u015b\u0107. I kiedy wydaje si\u0119, \u017ce p\u0119kamy, mo\u017ce to by\u0107 pocz\u0105tek czego\u015b nowego. Nasza \u015bmier\u0107, jak rozbity dzban, nie ko\u0144czy wszystkiego, ale jest pocz\u0105tkiem nowego \u017cycia, \u017cycia pe\u0142nego szcz\u0119\u015bcia \u2013 \u017cycia wiecznego.<\/p>\n\n\n\n<figure class=\"wp-block-gallery has-nested-images columns-default is-cropped wp-block-gallery-1 is-layout-flex wp-block-gallery-is-layout-flex\">\n<figure class=\"wp-block-image size-large\"><img loading=\"lazy\" decoding=\"async\" width=\"512\" height=\"768\" data-id=\"6550\" src=\"https:\/\/misje.karmelitanki.pl\/wp-content\/uploads\/2025\/11\/bajka-o-dzbanie-4.webp\" alt=\"\" class=\"wp-image-6550\" srcset=\"https:\/\/misje.karmelitanki.pl\/wp-content\/uploads\/2025\/11\/bajka-o-dzbanie-4.webp 512w, https:\/\/misje.karmelitanki.pl\/wp-content\/uploads\/2025\/11\/bajka-o-dzbanie-4-200x300.webp 200w, https:\/\/misje.karmelitanki.pl\/wp-content\/uploads\/2025\/11\/bajka-o-dzbanie-4-233x350.webp 233w\" sizes=\"auto, (max-width: 512px) 100vw, 512px\" \/><\/figure>\n\n\n\n<figure class=\"wp-block-image size-large\"><img loading=\"lazy\" decoding=\"async\" width=\"512\" height=\"768\" data-id=\"6549\" src=\"https:\/\/misje.karmelitanki.pl\/wp-content\/uploads\/2025\/11\/bajka-o-dzbanie-3.webp\" alt=\"\" class=\"wp-image-6549\" srcset=\"https:\/\/misje.karmelitanki.pl\/wp-content\/uploads\/2025\/11\/bajka-o-dzbanie-3.webp 512w, https:\/\/misje.karmelitanki.pl\/wp-content\/uploads\/2025\/11\/bajka-o-dzbanie-3-200x300.webp 200w, https:\/\/misje.karmelitanki.pl\/wp-content\/uploads\/2025\/11\/bajka-o-dzbanie-3-233x350.webp 233w\" sizes=\"auto, (max-width: 512px) 100vw, 512px\" \/><\/figure>\n\n\n\n<figure class=\"wp-block-image size-large\"><img loading=\"lazy\" decoding=\"async\" width=\"512\" height=\"768\" data-id=\"6548\" src=\"https:\/\/misje.karmelitanki.pl\/wp-content\/uploads\/2025\/11\/bajka-o-dzbanie-2.webp\" alt=\"\" class=\"wp-image-6548\" srcset=\"https:\/\/misje.karmelitanki.pl\/wp-content\/uploads\/2025\/11\/bajka-o-dzbanie-2.webp 512w, https:\/\/misje.karmelitanki.pl\/wp-content\/uploads\/2025\/11\/bajka-o-dzbanie-2-200x300.webp 200w, https:\/\/misje.karmelitanki.pl\/wp-content\/uploads\/2025\/11\/bajka-o-dzbanie-2-233x350.webp 233w\" sizes=\"auto, (max-width: 512px) 100vw, 512px\" \/><\/figure>\n<\/figure>\n","protected":false},"excerpt":{"rendered":"<p>O historii, w kt\u00f3rej ko\u0144ce staj\u0105 si\u0119 nowymi pocz\u0105tkami Pewnego s\u0142onecznego popo\u0142udnia, kiedy wiatr cicho szumia\u0142 w\u015br\u00f3d drzew, a dzieci biega\u0142y radosnymi \u015bcie\u017ckami, misjonarz, pe\u0142en ciep\u0142a i m\u0105dro\u015bci, zebra\u0142 wok\u00f3\u0142 siebie wszystkich \u2013 doros\u0142ych i dzieci. Wzrok ka\u017cdego z nich by\u0142 skupiony na nim, bo wiedzieli, \u017ce zaraz us\u0142ysz\u0105 co\u015b &hellip;<\/p>\n","protected":false},"author":1,"featured_media":0,"parent":0,"menu_order":0,"comment_status":"closed","ping_status":"closed","template":"","meta":{"footnotes":""},"class_list":["post-6555","page","type-page","status-publish","hentry"],"_links":{"self":[{"href":"https:\/\/misje.karmelitanki.pl\/index.php?rest_route=\/wp\/v2\/pages\/6555","targetHints":{"allow":["GET"]}}],"collection":[{"href":"https:\/\/misje.karmelitanki.pl\/index.php?rest_route=\/wp\/v2\/pages"}],"about":[{"href":"https:\/\/misje.karmelitanki.pl\/index.php?rest_route=\/wp\/v2\/types\/page"}],"author":[{"embeddable":true,"href":"https:\/\/misje.karmelitanki.pl\/index.php?rest_route=\/wp\/v2\/users\/1"}],"replies":[{"embeddable":true,"href":"https:\/\/misje.karmelitanki.pl\/index.php?rest_route=%2Fwp%2Fv2%2Fcomments&post=6555"}],"version-history":[{"count":3,"href":"https:\/\/misje.karmelitanki.pl\/index.php?rest_route=\/wp\/v2\/pages\/6555\/revisions"}],"predecessor-version":[{"id":6778,"href":"https:\/\/misje.karmelitanki.pl\/index.php?rest_route=\/wp\/v2\/pages\/6555\/revisions\/6778"}],"wp:attachment":[{"href":"https:\/\/misje.karmelitanki.pl\/index.php?rest_route=%2Fwp%2Fv2%2Fmedia&parent=6555"}],"curies":[{"name":"wp","href":"https:\/\/api.w.org\/{rel}","templated":true}]}}