{"id":6358,"date":"2025-07-16T21:58:33","date_gmt":"2025-07-16T19:58:33","guid":{"rendered":"https:\/\/misje.karmelitanki.pl\/?page_id=6358"},"modified":"2025-11-13T15:49:37","modified_gmt":"2025-11-13T14:49:37","slug":"tajemnice-glebin","status":"publish","type":"page","link":"https:\/\/misje.karmelitanki.pl\/?page_id=6358","title":{"rendered":"TAJEMNICE G\u0141\u0118BIN"},"content":{"rendered":"\n<p style=\"font-size:25px\">Opowie\u015b\u0107 o Rybaku, Kt\u00f3ry Odkry\u0142 Ukryte Pi\u0119kno<\/p>\n\n\n\n<p>W ubogiej wiosce w Chinach, nad brzegiem wzburzonego jeziora, \u017cy\u0142 rybak z liczn\u0105 rodzin\u0105. Ka\u017cdego dnia wyp\u0142ywa\u0142 na pobliskie jezioro z nadziej\u0105, \u017ce uda mu si\u0119 z\u0142owi\u0107 wystarczaj\u0105co du\u017co ryb, by wy\u017cywi\u0107 swoj\u0105 rodzin\u0119. Jednak jezioro bardzo cz\u0119sto by\u0142o pe\u0142ne niepokoju. Na powierzchni unosi\u0142y si\u0119 kawa\u0142ki drewna, czasem \u015bmieci, a fale by\u0142y zazwyczaj wzburzone. Po\u0142\u00f3w rzadko bywa\u0142 obfity. To bardzo frustrowa\u0142o rybaka. Marzy\u0142 o sukcesie, chcia\u0142 by\u0107 bogaty, a tymczasem spotyka\u0142y go same niepowodzenia. Coraz bardziej traci\u0142 nadziej\u0119.<\/p>\n\n\n\n<p>Jezioro wydawa\u0142o mu si\u0119 pe\u0142ne z\u0142a, niegodne \u017cadnego szacunku. \u201eNic dobrego nie mo\u017cesz mi da\u0107!\u201d \u2013 krzycza\u0142 czasem. Tak te\u017c postrzega\u0142 innych ludzi, dlatego mia\u0142 niewielu przyjaci\u00f3\u0142. W sercu wci\u0105\u017c tli\u0142 si\u0119 gniew, a jego umys\u0142 by\u0142 pe\u0142en rozczarowania i z\u0142o\u015bci. Czu\u0142, \u017ce nie ma ju\u017c \u017cadnej nadziei na lepsze jutro, \u017cadnego miejsca, gdzie m\u00f3g\u0142by znale\u017a\u0107 ukojenie. W ko\u0144cu pomy\u015bla\u0142 o pustelniku \u2013 m\u0119drcu, kt\u00f3ry mieszka\u0142 na wzg\u00f3rzach nad jeziorem i kt\u00f3ry mo\u017ce zna\u0107 odpowiedzi na pytania, kt\u00f3re torturowa\u0142y jego dusz\u0119. Z rozczarowaniem i gniewem w sercu, pe\u0142en w\u0105tpliwo\u015bci, uda\u0142 si\u0119 do niego. Pustelnik by\u0142 znany nie tylko z m\u0105dro\u015bci, ale tak\u017ce z g\u0142\u0119bokiego zrozumienia ludzkich trosk, kt\u00f3re wci\u0105\u017c gn\u0119bi\u0142y rybaka.<\/p>\n\n\n\n<p>Pustelnik wys\u0142ucha\u0142 z uwag\u0105 jego \u017cali i pretensji, jakie \u017cywi\u0142 wobec wszystkich. Dostrzeg\u0142, \u017ce tak naprawd\u0119 to jego dusza jest chora, \u017ce nie potrafi zobaczy\u0107 pi\u0119kna rzeczywisto\u015bci. Powiedzia\u0142 do niego s\u0142owa, kt\u00f3re by\u0142y dla rybaka nieco ma\u0142o zrozumia\u0142e: \u201eWyp\u0142y\u0144 na g\u0142\u0119bi\u0119 jeziora. Tam, gdzie mrok i cisza ujawniaj\u0105 to, co skryte w sercu, znajdziesz odpowied\u017a na to, czego szukasz.\u201d<\/p>\n\n\n\n<p>Zach\u0119cony s\u0142owami pustelnika, rybak, pe\u0142en nadziei i niepokoju, postanowi\u0142 wyp\u0142yn\u0105\u0107 na jezioro, daleko od brzegu. Ka\u017cdy ruch jego wiose\u0142 ni\u00f3s\u0142 go w nieznane, jakby los jeziora wzywa\u0142 go do g\u0142\u0119bi. Zaledwie chwil\u0119 po oddaleniu si\u0119 od brzegu, burza rozszala\u0142a si\u0119 z ca\u0142\u0105 moc\u0105. Wiatr wia\u0142 z pe\u0142n\u0105 si\u0142\u0105, a fale uderza\u0142y w \u0142\u00f3d\u017a z dzik\u0105 moc\u0105. Fale ros\u0142y i wznosi\u0142y si\u0119 na niebezpieczn\u0105 wysoko\u015b\u0107, a wiry, niczym potwory, porwa\u0142y \u0142\u00f3d\u017a, a rybak pogr\u0105\u017cy\u0142 si\u0119 w mrocznych czelu\u015bciach jeziora. Czu\u0142, jak jego cia\u0142o zastyga w strachu, a zimny dreszcz przebiega\u0142 przez ka\u017cd\u0105 kom\u00f3rk\u0119 jego cia\u0142a.<\/p>\n\n\n\n<div style=\"height:40px\" aria-hidden=\"true\" class=\"wp-block-spacer\"><\/div>\n\n\n\n<div class=\"wp-block-media-text is-stacked-on-mobile\" style=\"grid-template-columns:42% auto\"><figure class=\"wp-block-media-text__media\"><img loading=\"lazy\" decoding=\"async\" width=\"1024\" height=\"683\" src=\"https:\/\/misje.karmelitanki.pl\/wp-content\/uploads\/2025\/07\/jezioro-1024x683.webp\" alt=\"\" class=\"wp-image-6364 size-full\" srcset=\"https:\/\/misje.karmelitanki.pl\/wp-content\/uploads\/2025\/07\/jezioro-1024x683.webp 1024w, https:\/\/misje.karmelitanki.pl\/wp-content\/uploads\/2025\/07\/jezioro-300x200.webp 300w, https:\/\/misje.karmelitanki.pl\/wp-content\/uploads\/2025\/07\/jezioro-768x512.webp 768w, https:\/\/misje.karmelitanki.pl\/wp-content\/uploads\/2025\/07\/jezioro-387x258.webp 387w, https:\/\/misje.karmelitanki.pl\/wp-content\/uploads\/2025\/07\/jezioro-272x182.webp 272w, https:\/\/misje.karmelitanki.pl\/wp-content\/uploads\/2025\/07\/jezioro.webp 1536w\" sizes=\"auto, (max-width: 1024px) 100vw, 1024px\" \/><\/figure><div class=\"wp-block-media-text__content\">\n<p style=\"font-size:22px;font-style:normal;font-weight:200\"><br><em>\u201eCzasem, aby odkry\u0107 prawdziwe pi\u0119kno, musimy opu\u015bci\u0107 brzegi naszych l\u0119k\u00f3w i wyp\u0142yn\u0105\u0107 na g\u0142\u0119bi\u0119. Tylko tam, w ciszy i spokoju, odnajdujemy to, co najcenniejsze.\u201d<\/em><\/p>\n<\/div><\/div>\n\n\n\n<div style=\"height:44px\" aria-hidden=\"true\" class=\"wp-block-spacer\"><\/div>\n\n\n\n<p><\/p>\n\n\n\n<div class=\"wp-block-media-text has-media-on-the-right is-stacked-on-mobile is-vertically-aligned-top\" style=\"grid-template-columns:auto 30%\"><div class=\"wp-block-media-text__content\">\n<p>Jednak w tej g\u0142\u0119bokiej ciemno\u015bci, co\u015b zacz\u0119\u0142o si\u0119 zmienia\u0107. Zaskakuj\u0105ce \u015bwiat\u0142o przeci\u0119\u0142o mrok, a dno jeziora, cho\u0107 wci\u0105\u017c tajemnicze i mroczne, pulsowa\u0142o \u017cyciem. Wbrew oczekiwaniom nie by\u0142o tam ciemnej pustki, lecz rozkwitaj\u0105ce koralowce, kt\u00f3re l\u015bni\u0142y w \u015bwietle, jakby same tka\u0142y opowie\u015bci o zapomnianych \u015bwiatach. Kwiaty w podwodnym ogrodzie rozkwita\u0142y w b\u0142ysku tajemniczego \u015bwiat\u0142a, jakby \u017cycie w swojej najczystszej formie kry\u0142o si\u0119 w ka\u017cdym zakamarku.<\/p>\n\n\n\n<p>Ryby przep\u0142ywa\u0142y obok niego, ich \u0142uski mieni\u0142y si\u0119 w blasku jak najpi\u0119kniejsze klejnoty ukryte w ciemno\u015bci. Woda wok\u00f3\u0142 niego by\u0142a zaskakuj\u0105co przejrzysta, a ka\u017cdy ruch ryb tworzy\u0142 niewielkie, delikatne fale, kt\u00f3re przypomina\u0142y taniec \u2013 niewinny, pe\u0142en harmonii, jakby samo jezioro zaprasza\u0142o go do odkrycia jego najg\u0142\u0119bszych tajemnic. Poczu\u0142 si\u0119 szcz\u0119\u015bliwy.<\/p>\n\n\n\n<p>Nagle poczu\u0142, jak co\u015b niewidzialnego, ale pe\u0142ne si\u0142y, wyci\u0105ga go z g\u0142\u0119bin jeziora. Jego cia\u0142o, jakby pod wp\u0142ywem magicznego zakl\u0119cia, unosi\u0142o si\u0119 ku powierzchni. W jednej chwili, z \u0142oskotem, znalaz\u0142 si\u0119 z powrotem na brzegu, na twardym piasku, kt\u00f3ry wyda\u0142 si\u0119 teraz zimny i obcy. W sercu poczu\u0142 rozczarowanie \u2013 wci\u0105\u017c mia\u0142 w oczach obraz tej tajemniczej, podwodnej krainy, pe\u0142nej \u017cycia, kt\u00f3ra w jednej chwili znikn\u0119\u0142a. Czu\u0142 si\u0119 oszukany, jakby co\u015b, co by\u0142o jego przeznaczeniem, zosta\u0142o mu si\u0142\u0105 odebrane.<\/p>\n\n\n\n<p><\/p>\n\n\n\n<p><em><br><\/em><\/p>\n<\/div><figure class=\"wp-block-media-text__media\"><img loading=\"lazy\" decoding=\"async\" width=\"683\" height=\"1024\" src=\"https:\/\/misje.karmelitanki.pl\/wp-content\/uploads\/2025\/07\/dno-683x1024.webp\" alt=\"\" class=\"wp-image-6366 size-full\" srcset=\"https:\/\/misje.karmelitanki.pl\/wp-content\/uploads\/2025\/07\/dno-683x1024.webp 683w, https:\/\/misje.karmelitanki.pl\/wp-content\/uploads\/2025\/07\/dno-200x300.webp 200w, https:\/\/misje.karmelitanki.pl\/wp-content\/uploads\/2025\/07\/dno-768x1152.webp 768w, https:\/\/misje.karmelitanki.pl\/wp-content\/uploads\/2025\/07\/dno-233x350.webp 233w, https:\/\/misje.karmelitanki.pl\/wp-content\/uploads\/2025\/07\/dno.webp 1024w\" sizes=\"auto, (max-width: 683px) 100vw, 683px\" \/><\/figure><\/div>\n\n\n\n<p>Jego dusza wci\u0105\u017c t\u0119tni\u0142a w rytm podwodnego ta\u0144ca, kt\u00f3ry odszed\u0142, zostawiaj\u0105c jedynie pustk\u0119. Pr\u00f3bowa\u0142 z\u0142apa\u0107 oddech, jakby w tej ciszy na brzegu brakowa\u0142o powietrza. Chcia\u0142 wr\u00f3ci\u0107, pragn\u0105\u0142 zanurzy\u0107 si\u0119 ponownie w tej cudownej g\u0142\u0119bi, by odkrywa\u0107 kolejne tajemnice, kt\u00f3re pozostawa\u0142y tam, niewidzialne i nieodkryte. Ka\u017cda my\u015bl o tych miejscach, do kt\u00f3rych ju\u017c m\u00f3g\u0142by nie wr\u00f3ci\u0107, by\u0142a niczym uk\u0142ucie \u017calu w jego sercu. Ze zdumieniem patrzy\u0142 na spokojn\u0105 powierzchni\u0119 jeziora, kt\u00f3re tak cz\u0119sto bywa\u0142o wzburzone. Teraz wydawa\u0142o mu si\u0119 m\u0105dre, dobre i pi\u0119kne. Wiedzia\u0142, \u017ce w jego g\u0142\u0119binach jest ukryte niezwyk\u0142e pi\u0119kno, o kt\u00f3rym wcze\u015bniej nie mia\u0142 poj\u0119cia.<\/p>\n\n\n\n<p>Rybak, wr\u00f3ciwszy z jeziora, z sercem poruszonym i pe\u0142nym nowego \u015bwiat\u0142a, uda\u0142 si\u0119 w stron\u0119 pustelni. Jego krok wci\u0105\u017c by\u0142 ci\u0119\u017cki od wspomnie\u0144 dawnych cierpie\u0144, ale co\u015b w nim si\u0119 zmieni\u0142o \u2014 w jego oczach tli\u0142a si\u0119 iskra, kt\u00f3rej wcze\u015bniej nie by\u0142o. Ni\u00f3s\u0142 w sobie nie tylko pytania, ale i niezwyk\u0142e do\u015bwiadczenie, kt\u00f3re pragn\u0105\u0142 zrozumie\u0107 do ko\u0144ca.<\/p>\n\n\n\n<p>Gdy stan\u0105\u0142 przed m\u0119drcem, nie potrafi\u0142 ju\u017c d\u0142u\u017cej zatrzymywa\u0107 w sobie tego, co prze\u017cy\u0142. Jego s\u0142owa p\u0142yn\u0119\u0142y jak potok \u2013 opowiedzia\u0142 o gniewie, frustracji, o poczuciu pora\u017cki, kt\u00f3re przyt\u0142acza\u0142y go przez lata. Ale potem jego g\u0142os zadr\u017ca\u0142 \u2013 opisa\u0142 chwil\u0119, gdy zosta\u0142 poch\u0142oni\u0119ty przez g\u0142\u0119biny jeziora. M\u00f3wi\u0142 o strachu, kt\u00f3ry zamar\u0142 w nim, gdy opada\u0142 w ciemno\u015b\u0107, ale tak\u017ce o cudzie, kt\u00f3ry si\u0119 tam dokona\u0142.<\/p>\n\n\n\n<div style=\"height:39px\" aria-hidden=\"true\" class=\"wp-block-spacer\"><\/div>\n\n\n\n<p><\/p>\n\n\n\n<p><\/p>\n\n\n\n<div class=\"wp-block-media-text is-stacked-on-mobile\"><figure class=\"wp-block-media-text__media\"><img loading=\"lazy\" decoding=\"async\" width=\"1024\" height=\"683\" src=\"https:\/\/misje.karmelitanki.pl\/wp-content\/uploads\/2025\/07\/pustelnia-1024x683.webp\" alt=\"\" class=\"wp-image-6416 size-full\" srcset=\"https:\/\/misje.karmelitanki.pl\/wp-content\/uploads\/2025\/07\/pustelnia-1024x683.webp 1024w, https:\/\/misje.karmelitanki.pl\/wp-content\/uploads\/2025\/07\/pustelnia-300x200.webp 300w, https:\/\/misje.karmelitanki.pl\/wp-content\/uploads\/2025\/07\/pustelnia-768x512.webp 768w, https:\/\/misje.karmelitanki.pl\/wp-content\/uploads\/2025\/07\/pustelnia-387x258.webp 387w, https:\/\/misje.karmelitanki.pl\/wp-content\/uploads\/2025\/07\/pustelnia-272x182.webp 272w, https:\/\/misje.karmelitanki.pl\/wp-content\/uploads\/2025\/07\/pustelnia.webp 1536w\" sizes=\"auto, (max-width: 1024px) 100vw, 1024px\" \/><\/figure><div class=\"wp-block-media-text__content\">\n<p>Pustelnik s\u0142ucha\u0142 go w milczeniu, a jego spojrzenie by\u0142o spokojne, g\u0142\u0119bokie jak samo jezioro. Na jego twarzy malowa\u0142 si\u0119 spok\u00f3j cz\u0142owieka, kt\u00f3ry czeka\u0142 w\u0142a\u015bnie na te s\u0142owa. Gdy rybak sko\u0144czy\u0142, przez chwil\u0119 panowa\u0142a cisza \u2014 ale nie by\u0142a to cisza pusta. By\u0142a jak tchnienie wiatru w\u015br\u00f3d drzew, pe\u0142na znaczenia.<\/p>\n\n\n\n<p>W ko\u0144cu pustelnik odezwa\u0142 si\u0119 \u0142agodnym, lecz przenikliwym g\u0142osem:<\/p>\n\n\n\n<p>\u2013 Pi\u0119kno\u2026 Cz\u0119sto jest ukryte przed naszymi oczami. Os\u0105dzamy \u015bwiat, ludzi, a nawet samych siebie po tym, co widzimy na powierzchni. Ale prawda \u2013 ta najg\u0142\u0119bsza \u2013 ukrywa si\u0119 pod spodem. Do\u015bwiadczy\u0142e\u015b tego w g\u0142\u0119binach jeziora. Tam, gdzie wydawa\u0142o si\u0119, \u017ce nie ma ju\u017c nic \u2013 odkry\u0142e\u015b \u017cycie, \u015bwiat\u0142o i pok\u00f3j.<\/p>\n<\/div><\/div>\n\n\n\n<p><\/p>\n\n\n\n<p><\/p>\n\n\n\n<p>\u2013 Tak samo jest z cz\u0142owiekiem \u2013 kontynuowa\u0142. \u2013 Na zewn\u0105trz bywa burzliwy, rozdra\u017cniony, niespokojny\u2026 jak wzburzona tafla jeziora. Ale je\u015bli spojrzysz g\u0142\u0119biej, je\u015bli nie zatrzymasz si\u0119 na powierzchni, zobaczysz, \u017ce w jego wn\u0119trzu kryj\u0105 si\u0119 skarby. W ka\u017cdej duszy mieszka B\u00f3g. Nawet je\u015bli kto\u015b wydaje si\u0119 twardy, zamkni\u0119ty, pe\u0142en gniewu \u2013 w jego g\u0142\u0119bi drzemie co\u015b \u015bwi\u0119tego.<\/p>\n\n\n\n<p>Pochyli\u0142 si\u0119 lekko ku rybakowi, patrz\u0105c mu prosto w oczy.<\/p>\n\n\n\n<p>\u2013 Patrz przez wiar\u0119. Ucz si\u0119 widzie\u0107 wi\u0119cej ni\u017c tylko to, co krzyczy z zewn\u0105trz. Patrz na ludzi tak, jak spojrza\u0142e\u015b w g\u0142\u0105b jeziora \u2013 z odwag\u0105, z otwartym sercem. Wtedy dostrze\u017cesz pi\u0119kno tam, gdzie wcze\u015bniej widzia\u0142e\u015b tylko chaos.<\/p>\n\n\n\n<p>S\u0142owa te osiad\u0142y w sercu rybaka niczym per\u0142y na dnie \u2014 cicho, ale trwale. Wiedzia\u0142, \u017ce wr\u00f3ci\u0142 z jeziora innym cz\u0142owiekiem. Ale dopiero teraz rozumia\u0142, co tak naprawd\u0119 zobaczy\u0142.<\/p>\n\n\n\n<p style=\"font-size:20px;font-style:italic;font-weight:500\"><br><\/p>\n\n\n\n<p>Rybak przez d\u0142ug\u0105 chwil\u0119 siedzia\u0142 w ciszy, ws\u0142uchuj\u0105c si\u0119 w s\u0142owa pustelnika, kt\u00f3re niczym spokojne fale uderza\u0142y w brzegi jego duszy. Czu\u0142, jak co\u015b w nim p\u0119ka \u2014 jakby burze, kt\u00f3re latami w nim szala\u0142y, nagle zacz\u0119\u0142y cichn\u0105\u0107. Gdzie\u015b g\u0142\u0119boko w sercu pojawi\u0142o si\u0119 co\u015b nowego \u2014 niepewne, kruche, a jednak prawdziwe \u2014 ukojenie.<\/p>\n\n\n\n<p>Nazajutrz, tu\u017c przed \u015bwitem, wr\u00f3ci\u0142 nad jezioro. Nie po to, by \u0142owi\u0107, ale by zobaczy\u0107. Nie ryby, lecz prawd\u0119. Woda by\u0142a spokojna, niemal lustrzana, a poranne \u015bwiat\u0142o odbija\u0142o si\u0119 w jej tafli jak z\u0142ota ni\u0107 Bo\u017cej obecno\u015bci. Zanurzy\u0142 d\u0142onie w wodzie. By\u0142a ch\u0142odna, ale ju\u017c nie wroga. Cicha. Jakby rozumia\u0142a wi\u0119cej, ni\u017c potrafi\u0142 wypowiedzie\u0107.<\/p>\n\n\n\n<p>Spojrza\u0142 na poblisk\u0105 wiosk\u0119. Dostrzeg\u0142 s\u0105siada, z kt\u00f3rym nigdy nie rozmawia\u0142. Zamiast odwr\u00f3ci\u0107 wzrok \u2014 u\u015bmiechn\u0105\u0142 si\u0119. W oczach tamtego ujrza\u0142 znajomy cie\u0144 zm\u0119czenia\u2026 i co\u015b jeszcze. Jakby gdzie\u015b <strong>g\u0142\u0119boko w nim drga\u0142o to samo \u015bwiat\u0142o, kt\u00f3re widzia\u0142 na dnie jeziora. Zrozumia\u0142, \u017ce nie tylko g\u0142\u0119biny jeziora skrywaj\u0105 skarby. Ka\u017cdy cz\u0142owiek ma swoj\u0105 tajemnic\u0119. I swoje pi\u0119kno.<\/strong><\/p>\n\n\n\n<p>Usiad\u0142 na kamieniu i wyszepta\u0142 cicho, z dr\u017ceniem g\u0142osu:<\/p>\n\n\n\n<p>\u2013 Dzi\u0119kuj\u0119 Ci\u2026 za g\u0142\u0119bi\u0119.<\/p>\n\n\n\n<p>Bo czasem, by odnale\u017a\u0107 \u015bwiat\u0142o, trzeba zej\u015b\u0107 w najciemniejsze miejsca. Czasem trzeba si\u0119 zanurzy\u0107, by nauczy\u0107 si\u0119 patrze\u0107. I dopiero wtedy zaczynamy widzie\u0107 nie tylko to, co na powierzchni \u2014 ale prawd\u0119 ukryt\u0105 w sercach ludzi.<\/p>\n\n\n\n<p class=\"has-text-align-center has-background\" style=\"background:radial-gradient(rgb(2,3,129) 0%,rgb(255,255,255) 0%,rgb(40,116,252) 100%);font-size:22px\">Cz\u0142owiek patrzy na to, co widoczne dla oczu, lecz Pan patrzy na serce.\u201d <em>(por. 1 Sm 16,7)<\/em><br>Prawdziwa m\u0105dro\u015b\u0107 nie jest na powierzchni \u2014 trzeba zanurzy\u0107 si\u0119 w g\u0142\u0119bi\u0119, by zobaczy\u0107 oczami wiary. Dopiero wtedy serce cz\u0142owieka staje si\u0119 lustrem Bo\u017cej obecno\u015bci.<\/p>\n\n\n\n<p><\/p>\n","protected":false},"excerpt":{"rendered":"<p>Opowie\u015b\u0107 o Rybaku, Kt\u00f3ry Odkry\u0142 Ukryte Pi\u0119kno W ubogiej wiosce w Chinach, nad brzegiem wzburzonego jeziora, \u017cy\u0142 rybak z liczn\u0105 rodzin\u0105. Ka\u017cdego dnia wyp\u0142ywa\u0142 na pobliskie jezioro z nadziej\u0105, \u017ce uda mu si\u0119 z\u0142owi\u0107 wystarczaj\u0105co du\u017co ryb, by wy\u017cywi\u0107 swoj\u0105 rodzin\u0119. Jednak jezioro bardzo cz\u0119sto by\u0142o pe\u0142ne niepokoju. Na powierzchni &hellip;<\/p>\n","protected":false},"author":1,"featured_media":0,"parent":0,"menu_order":0,"comment_status":"closed","ping_status":"closed","template":"","meta":{"footnotes":""},"class_list":["post-6358","page","type-page","status-publish","hentry"],"_links":{"self":[{"href":"https:\/\/misje.karmelitanki.pl\/index.php?rest_route=\/wp\/v2\/pages\/6358","targetHints":{"allow":["GET"]}}],"collection":[{"href":"https:\/\/misje.karmelitanki.pl\/index.php?rest_route=\/wp\/v2\/pages"}],"about":[{"href":"https:\/\/misje.karmelitanki.pl\/index.php?rest_route=\/wp\/v2\/types\/page"}],"author":[{"embeddable":true,"href":"https:\/\/misje.karmelitanki.pl\/index.php?rest_route=\/wp\/v2\/users\/1"}],"replies":[{"embeddable":true,"href":"https:\/\/misje.karmelitanki.pl\/index.php?rest_route=%2Fwp%2Fv2%2Fcomments&post=6358"}],"version-history":[{"count":63,"href":"https:\/\/misje.karmelitanki.pl\/index.php?rest_route=\/wp\/v2\/pages\/6358\/revisions"}],"predecessor-version":[{"id":6564,"href":"https:\/\/misje.karmelitanki.pl\/index.php?rest_route=\/wp\/v2\/pages\/6358\/revisions\/6564"}],"wp:attachment":[{"href":"https:\/\/misje.karmelitanki.pl\/index.php?rest_route=%2Fwp%2Fv2%2Fmedia&parent=6358"}],"curies":[{"name":"wp","href":"https:\/\/api.w.org\/{rel}","templated":true}]}}