{"id":5592,"date":"2025-05-29T14:29:40","date_gmt":"2025-05-29T12:29:40","guid":{"rendered":"https:\/\/misje.karmelitanki.pl\/?page_id=5592"},"modified":"2025-06-18T14:56:55","modified_gmt":"2025-06-18T12:56:55","slug":"miejsca-naszej-poslugi-nr-1","status":"publish","type":"page","link":"https:\/\/misje.karmelitanki.pl\/?page_id=5592","title":{"rendered":"MIEJSCA NASZEJ POS\u0141UGI"},"content":{"rendered":"\n<meta charset=\"UTF-8\">\n<div style=\"font-family: 'Segoe UI', Tahoma, Geneva, Verdana, sans-serif; max-width: 800px; margin: 0 auto; padding: 40px 20px; text-align: center; color: #1a1a1a;\">\n\n  <h1 style=\"font-size: 2.5em; color: #005fa3; margin-bottom: 30px; animation: fadeIn 1.5s ease-out;\">\n    Z mi\u0142o\u015bci do Chrystusa i ludzi<br>\n    <span style=\"font-weight: 300; font-size: 0.9em;\">\u2013 tu niesiemy pomoc, wiar\u0119 i nadziej\u0119.<\/span>\n  <\/h1>\n\n  <blockquote style=\"background: #eaf6ff; border-left: 6px solid #007acc; padding: 25px 30px; margin: 40px 0; font-size: 1.2em; font-style: italic; line-height: 1.6; animation: slideIn 1.5s ease-out;\">\n    \u201eJeste\u015bmy wezwani, aby nie\u015b\u0107 wszystkim mi\u0142o\u015b\u0107 Boga, aby mog\u0142a si\u0119 urzeczywistnia\u0107 ta jedno\u015b\u0107, kt\u00f3ra nie zaciera r\u00f3\u017cnic, lecz docenia warto\u015b\u0107 osobistej historii ka\u017cdego cz\u0142owieka, oraz spo\u0142ecznej i religijnej kultury ka\u017cdego narodu.\u201d\n    <span style=\"display: block; margin-top: 15px; font-weight: bold; font-style: normal;\">\u2014 papie\u017c Leon XIV<\/span>\n  <\/blockquote>\n\n  <p style=\"font-size: 1.4em; font-weight: 600; margin-top: 50px; animation: fadeIn 2s ease-out;\">\n    Poznaj kraje i plac\u00f3wki misyjne, w kt\u00f3rych pos\u0142uguj\u0105 nasze siostry\n  <\/p>\n\n<\/div>\n\n<style>\n@keyframes fadeIn {\n  from { opacity: 0; transform: translateY(20px); }\n  to { opacity: 1; transform: translateY(0); }\n}\n\n@keyframes slideIn {\n  from { opacity: 0; transform: translateX(-30px); }\n  to { opacity: 1; transform: translateX(0); }\n}\n<\/style>\n\n\n\n<style>\n.mission-cards {\n  display: flex;\n  flex-wrap: wrap;\n  justify-content: center;\n  gap: 30px;\n  padding: 30px 10px;\n}\n\n.card {\n  background: #fffaf3;\n  width: 300px;\n  border-radius: 16px;\n  overflow: hidden;\n  box-shadow: 0 8px 20px rgba(0,0,0,0.08);\n  transition: transform 0.3s ease, box-shadow 0.3s ease;\n  position: relative;\n}\n\n.card:hover {\n  transform: translateY(-8px);\n  box-shadow: 0 12px 28px rgba(0,0,0,0.1);\n}\n\n.card img {\n  width: 100%;\n  height: 180px;\n  object-fit: cover;\n}\n\n.card-content {\n  padding: 20px;\n}\n\n.card h3 {\n  margin: 0 0 10px;\n  font-size: 1.3em;\n  color: #007acc;\n}\n\n.card p {\n  font-size: 0.95em;\n  color: #333;\n  line-height: 1.5;\n}\n\n.card a {\n  display: inline-block;\n  margin-top: 15px;\n  padding: 8px 16px;\n  background: #1abc9c;\n  color: white;\n  text-decoration: none;\n  border-radius: 5px;\n  font-weight: bold;\n  transition: background 0.3s ease;\n}\n\n.card a:hover {\n  background: #159d84;\n}\n<\/style>\n\n<div class=\"mission-cards\">\n  <div class=\"card\">\n    <img decoding=\"async\" src=\"https:\/\/misje.karmelitanki.pl\/wp-content\/uploads\/2023\/01\/burundi-3.jpg\" alt=\"Burundi\">\n    <div class=\"card-content\">\n      <h3>\ud83c\udde7\ud83c\uddee  Burundi<\/h3>\n      <p>Burundi \u2013 kraj o wielkim sercu i bujnej zieleni.\nMisje nios\u0105 tu nie tylko pomoc materialn\u0105, ale przede wszystkim wiar\u0119 i nadziej\u0119, mimo codziennych trudno\u015bci. To ma\u0142e pa\u0144stwo w sercu Afryki Wschodniej zamieszkuje prawie 14 milion\u00f3w ludzi, kt\u00f3rzy pomimo wyzwa\u0144 zwi\u0105zanych z ub\u00f3stwem, konfliktami i ograniczonym dost\u0119pem do edukacji, wykazuj\u0105 niezwyk\u0142\u0105 go\u015bcinno\u015b\u0107 i si\u0142\u0119 ducha.\n\nBurundi zachwyca przepi\u0119knymi krajobrazami \u2014 rozleg\u0142ymi jeziorami, g\u00f3rskimi wzg\u00f3rzami i \u017cyznymi polami, kt\u00f3re symbolizuj\u0105 nadziej\u0119 na lepsz\u0105 przysz\u0142o\u015b\u0107. Misje wspieraj\u0105 lokalne spo\u0142eczno\u015bci nie tylko materialnie, buduj\u0105c szko\u0142y, kliniki i centra spo\u0142eczne, ale tak\u017ce duchowo, daj\u0105c si\u0142\u0119 i odwag\u0119 do codziennej walki o godno\u015b\u0107 i rozw\u00f3j.\n\nTo miejsce, gdzie ka\u017cda pomoc ma ogromne znaczenie, a serce misji bije mocno razem z sercami mieszka\u0144c\u00f3w.<\/p>\n      <a href=\"https:\/\/misje.karmelitanki.pl\/?page_id=388\">Poznaj Burundi. Quiz<\/a>\n    <\/div>\n  <\/div>\n\n  <div class=\"card\">\n    <img decoding=\"async\" src=\"https:\/\/misje.karmelitanki.pl\/wp-content\/uploads\/2023\/01\/rwanda-8.jpg\" alt=\"Rwanda\">\n    <div class=\"card-content\">\n      <h3>\ud83c\uddf7\ud83c\uddfc Rwanda<\/h3>\n      <p>Rwanda \u2013 kraina tysi\u0105ca wzg\u00f3rz i niez\u0142omnej nadziei.\nMisje nios\u0105 tu pomoc, wiar\u0119 i wsparcie, mimo wyzwa\u0144 codziennego \u017cycia. To niewielkie pa\u0144stwo w sercu Afryki Wschodniej zamieszkuje ponad 13 milion\u00f3w ludzi, kt\u00f3rzy pomimo trudnej historii, ub\u00f3stwa i ograniczonego dost\u0119pu do edukacji, zachowuj\u0105 ogromn\u0105 determinacj\u0119 i serdeczno\u015b\u0107.\n\nRwanda s\u0142ynie z malowniczych krajobraz\u00f3w \u2013 faluj\u0105cych wzg\u00f3rz, bujnych las\u00f3w i czystych jezior, kt\u00f3re symbolizuj\u0105 odrodzenie i now\u0105 nadziej\u0119. Misje wspieraj\u0105 spo\u0142eczno\u015bci lokalne, buduj\u0105c szko\u0142y, o\u015brodki zdrowia i miejsca spotka\u0144, jednocze\u015bnie nios\u0105c duchowe wsparcie, kt\u00f3re pomaga ludziom patrze\u0107 w przysz\u0142o\u015b\u0107 z optymizmem i si\u0142\u0105.\n\nTo kraj, gdzie ka\u017cda forma pomocy jest cenna, a serce misji bije w rytm \u017cycia mieszka\u0144c\u00f3w, wspieraj\u0105c ich w drodze ku lepszemu jutru.\n\n<\/p>\n      <a href=\"https:\/\/misje.karmelitanki.pl\/?page_id=388&#038;page=2\">Kr\u00f3tka podr\u00f3\u017c po Rwandzie. Quiz.<\/a>\n    <\/div>\n  <\/div>\n\n  <div class=\"card\">\n    <img decoding=\"async\" src=\"https:\/\/misje.karmelitanki.pl\/wp-content\/uploads\/2023\/01\/kamerun-7.jpg\" alt=\"Kamerun\">\n    <div class=\"card-content\">\n      <h3>\ud83c\udde8\ud83c\uddf2 Kamerun<\/h3>\n      <p>Kamerun \u2013 miejsce, kt\u00f3re nazywa si\u0119 Afryk\u0105 w miniaturze dzi\u0119ki swojej r\u00f3\u017cnorodno\u015bci i bogactwu kulturowemu.\nMisje nios\u0105 tu wsparcie duchowe i materialne, wspomagaj\u0105c rozw\u00f3j lokalnych spo\u0142eczno\u015bci. Kamerun, cho\u0107 bardziej rozwini\u0119ty ni\u017c niekt\u00f3re kraje regionu, wci\u0105\u017c mierzy si\u0119 z wyzwaniami takimi jak nier\u00f3wno\u015bci spo\u0142eczne, ograniczony dost\u0119p do edukacji i opieki zdrowotnej w niekt\u00f3rych rejonach.\n\nMisjonarze anga\u017cuj\u0105 si\u0119 w budow\u0119 szk\u00f3\u0142, klinik i centr\u00f3w spo\u0142ecznych, wspieraj\u0105c edukacj\u0119 dzieci i opiek\u0119 nad chorymi. Praca misyjna pomaga wzmacnia\u0107 lokalne wsp\u00f3lnoty, promuj\u0105c warto\u015bci solidarno\u015bci, pokoju i rozwoju duchowego. Dzi\u0119ki ich wsparciu mieszka\u0144cy maj\u0105 szans\u0119 na lepsze \u017cycie, a misje staj\u0105 si\u0119 wa\u017cnym ogniwem \u0142\u0105cz\u0105cym tradycj\u0119 z nowoczesno\u015bci\u0105.\n\nTo miejsce, gdzie pomoc niesiona przez misje przyczynia si\u0119 do trwa\u0142ych zmian, a serce misji bije razem z energi\u0105 i nadziej\u0105 lokalnej spo\u0142eczno\u015bci.\n\n<\/p>\n      <a href=\"https:\/\/misje.karmelitanki.pl\/?page_id=388&#038;page=3\">Jak dobrze znasz Kamerun? Sprawd\u017a si\u0119. Quiz.<\/a>\n    <\/div>\n  <\/div>\n<\/div>\n\n\n\n<style>\n.cool-link-box {\n  display: flex;\n  justify-content: center;\n  margin: 50px 0;\n}\n\n.cool-link {\n  position: relative;\n  display: inline-flex;\n  align-items: center;\n  gap: 10px;\n  padding: 14px 30px;\n  background: linear-gradient(45deg, #a8e6a1, #6edc82); \/* jasnozielony gradient *\/\n  color: #fff;\n  font-weight: 600;\n  font-size: 1.2rem;\n  text-decoration: none;\n  border-radius: 40px;\n  box-shadow: 0 0 8px rgba(110, 220, 130, 0.6);\n  transition: box-shadow 0.3s ease, transform 0.3s ease;\n  overflow: hidden;\n}\n\n.cool-link:hover,\n.cool-link:focus {\n  box-shadow: 0 0 20px rgba(110, 220, 130, 1);\n  transform: translateY(-3px);\n  outline: none;\n}\n\n.cool-link::after {\n  content: \"\";\n  position: absolute;\n  top: -50%;\n  left: -50%;\n  width: 200%;\n  height: 200%;\n  background: radial-gradient(circle, rgba(255,255,255,0.3) 0%, transparent 70%);\n  opacity: 0;\n  transition: opacity 0.4s ease;\n  border-radius: 50%;\n  pointer-events: none;\n}\n\n.cool-link:hover::after,\n.cool-link:focus::after {\n  opacity: 1;\n}\n\n.cool-link svg {\n  width: 22px;\n  height: 22px;\n  fill: white;\n}\n<\/style>\n\n<div class=\"cool-link-box\">\n  <a href=\"https:\/\/misje.karmelitanki.pl\/?page_id=3880&#038;preview=true\" class=\"cool-link\" target=\"_blank\" rel=\"noopener noreferrer\">\n    <!-- Ikona: strza\u0142ka w prawo -->\n    <svg xmlns=\"http:\/\/www.w3.org\/2000\/svg\" viewBox=\"0 0 448 512\"><path d=\"M438.6 233.4l-192-192c-9.4-9.4-24.6-9.4-33.9 0l-22.6 22.6c-9.4 9.4-9.4 24.6 0 33.9L293.1 224H24c-13.3 0-24 10.7-24 24v32c0 13.3 10.7 24 24 24h269.1l-103 103.1c-9.4 9.4-9.4 24.6 0 33.9l22.6 22.6c9.4 9.4 24.6 9.4 33.9 0l192-192c9.4-9.4 9.4-24.6 0-34z\"\/><\/svg>\n    Zobacz, gdzie pos\u0142ugujemy\n  <\/a>\n<\/div>\n\n\n","protected":false},"excerpt":{"rendered":"<p>Z mi\u0142o\u015bci do Chrystusa i ludzi \u2013 tu niesiemy pomoc, wiar\u0119 i nadziej\u0119. \u201eJeste\u015bmy wezwani, aby nie\u015b\u0107 wszystkim mi\u0142o\u015b\u0107 Boga, aby mog\u0142a si\u0119 urzeczywistnia\u0107 ta jedno\u015b\u0107, kt\u00f3ra nie zaciera r\u00f3\u017cnic, lecz docenia warto\u015b\u0107 osobistej historii ka\u017cdego cz\u0142owieka, oraz spo\u0142ecznej i religijnej kultury ka\u017cdego narodu.\u201d \u2014 papie\u017c Leon XIV Poznaj kraje &hellip;<\/p>\n","protected":false},"author":1,"featured_media":0,"parent":0,"menu_order":0,"comment_status":"closed","ping_status":"closed","template":"","meta":{"footnotes":""},"class_list":["post-5592","page","type-page","status-publish","hentry"],"_links":{"self":[{"href":"https:\/\/misje.karmelitanki.pl\/index.php?rest_route=\/wp\/v2\/pages\/5592","targetHints":{"allow":["GET"]}}],"collection":[{"href":"https:\/\/misje.karmelitanki.pl\/index.php?rest_route=\/wp\/v2\/pages"}],"about":[{"href":"https:\/\/misje.karmelitanki.pl\/index.php?rest_route=\/wp\/v2\/types\/page"}],"author":[{"embeddable":true,"href":"https:\/\/misje.karmelitanki.pl\/index.php?rest_route=\/wp\/v2\/users\/1"}],"replies":[{"embeddable":true,"href":"https:\/\/misje.karmelitanki.pl\/index.php?rest_route=%2Fwp%2Fv2%2Fcomments&post=5592"}],"version-history":[{"count":38,"href":"https:\/\/misje.karmelitanki.pl\/index.php?rest_route=\/wp\/v2\/pages\/5592\/revisions"}],"predecessor-version":[{"id":6193,"href":"https:\/\/misje.karmelitanki.pl\/index.php?rest_route=\/wp\/v2\/pages\/5592\/revisions\/6193"}],"wp:attachment":[{"href":"https:\/\/misje.karmelitanki.pl\/index.php?rest_route=%2Fwp%2Fv2%2Fmedia&parent=5592"}],"curies":[{"name":"wp","href":"https:\/\/api.w.org\/{rel}","templated":true}]}}