{"id":3880,"date":"2025-05-29T14:28:16","date_gmt":"2025-05-29T12:28:16","guid":{"rendered":"https:\/\/misje.karmelitanki.pl\/?page_id=3880"},"modified":"2025-07-02T16:18:01","modified_gmt":"2025-07-02T14:18:01","slug":"placowki","status":"publish","type":"page","link":"https:\/\/misje.karmelitanki.pl\/?page_id=3880","title":{"rendered":"PLAC\u00d3WKI MISYJNE"},"content":{"rendered":"\n<style>\n.mission-intro {\n  background-color: #fdfcf8;\n  border-left: 6px solid #1abc9c;\n  padding: 30px 25px;\n  margin: 40px 0;\n  border-radius: 10px;\n  box-shadow: 0 4px 10px rgba(0, 0, 0, 0.05);\n  font-family: 'Georgia', serif;\n  color: #2c3e50;\n  line-height: 1.7;\n  position: relative;\n}\n\n.mission-intro::before {\n  content: \"\u201c\";\n  font-size: 70px;\n  color: #e0e0e0;\n  position: absolute;\n  top: 10px;\n  left: 20px;\n  font-family: 'Times New Roman', serif;\n}\n\n.mission-intro p {\n  margin: 0;\n  font-size: 1.15rem;\n  padding-left: 30px;\n}\n\n.mission-intro strong {\n  color: #1abc9c;\n}\n<\/style>\n\n<div class=\"mission-intro\">\n  <p><strong>\u201eId\u017acie i g\u0142o\u015bcie&#8230;\u201d \u2013 to wezwanie Chrystusa prowadzi nas na misje, tam, gdzie potrzeba serca otwartego na Boga i drugiego cz\u0142owieka. Plac\u00f3wki misyjne Karmelitanek Dzieci\u0105tka Jezus s\u0105 przestrzeni\u0105 modlitwy, ofiary i mi\u0142o\u015bci bli\u017aniego. W Burundi, Rwandzie i Kamerunie pragniemy by\u0107 znakiem nadziei i Bo\u017cej obecno\u015bci.<\/p>\n  <p>Plac\u00f3wki misyjne Karmelitanek Dzieci\u0105tka Jezus s\u0105 przestrzeni\u0105 modlitwy, ofiary i mi\u0142o\u015bci bli\u017aniego.<\/p>\n  <p>W <strong>Burundi, Rwandzie i Kamerunie<\/strong> pragniemy by\u0107 znakiem nadziei i Bo\u017cej obecno\u015bci.<\/p>\n<\/div>\n\n\n\n<style>\n.accordion {\n  background-color: #fdf6e9; \/* pastelowy r\u00f3\u017c *\/\n  color: #333;\n  cursor: pointer;\n  padding: 15px;\n  width: 100%;\n  border: none;\n  text-align: left;\n  outline: none;\n  font-size: 1.1rem;\n  transition: background-color 0.3s ease;\n  border-radius: 5px;\n  margin-top: 10px;\n}\n\n.accordion:hover {\n  background-color: #cce7ff; \/* pastelowy b\u0142\u0119kit *\/\n}\n\n.panel {\n  padding: 20px;\n  background-color: white;\n  display: none;\n  overflow: hidden;\n  border-left: 3px solid #1abc9c;\n  margin-bottom: 15px;\n}\n\nh2, h3 {\n  text-align: center;\n  margin-top: 40px;\n  color: #2c3e50;\n}\n\n.anchor-links {\n  text-align: center;\n  margin: 30px 0;\n}\n\n.anchor-links a {\n  display: inline-block;\n  margin: 10px;\n  padding: 10px 20px;\n  background-color: #1abc9c;\n  color: white;\n  text-decoration: none;\n  border-radius: 5px;\n  transition: background 0.3s ease;\n}\n\n.anchor-links a:hover {\n  background-color: #159d84;\n}\n\n.section {\n  padding: 20px;\n  background-color: #f9f9f9;\n  margin: 20px 0;\n  border-radius: 5px;\n  border-left: 4px solid #1abc9c;\n}\n\n.content-wrapper {\n  display: flex;\n  flex-wrap: wrap;\n  gap: 20px;\n  align-items: flex-start;\n}\n\n.text-col {\n  flex: 1 1 60%;\n}\n\n.img-col {\n  flex: 1 1 35%;\n  max-width: 400px;\n}\n\n.img-col img {\n  width: 100%;\n  border-radius: 8px;\n  box-shadow: 0 4px 10px rgba(0,0,0,0.1);\n}\n<\/style>\n\n<h2><\/h2>\n\n<div class=\"anchor-links\">\n  <a href=\"#burundi-placowki\">Zobacz, gdzie pos\u0142ugujemy w Burundi<\/a>\n  <a href=\"#rwanda-placowki\">Zobacz, gdzie pos\u0142ugujemy w Rwandzie<\/a>\n  <a href=\"#kamerun-placowki\">Zobacz, gdzie pos\u0142ugujemy w Kamerunie<\/a>\n<\/div>\n\n\n<!-- SEKCJE PLAC\u00d3WEK -->\n<div style=\"background-color: #f0f8ff; padding: 20px; margin: 30px 0; border-left: 5px solid #007acc; font-style: italic; font-size: 1.1em;\">\n <center> \u201eNie mo\u017cemy nie m\u00f3wi\u0107 tego, co\u015bmy widzieli i s\u0142yszeli.\u201d (Dz 4,20)<br><\/center>\n\n<\/div>\n<h3 id=\"burundi-placowki\">Plac\u00f3wki w Burundi<\/h3>\n\n<!-- Musongati -->\n<div class=\"section\">\n  <div class=\"content-wrapper\">\n    <div class=\"text-col\">\n      <p><strong>Misja Karmelitanek Dzieci\u0105tka Jezus w Burundi<\/strong><\/p>\n      <p>W Burundi siostry karmelitanki prowadz\u0105 kilka kluczowych plac\u00f3wek misyjnych, kt\u00f3re \u0142\u0105cz\u0105 modlitw\u0119, opiek\u0119 zdrowotn\u0105, edukacj\u0119 oraz formacj\u0119 duchow\u0105, odpowiadaj\u0105c na r\u00f3\u017cnorodne potrzeby lokalnych wsp\u00f3lnot.<\/p>\n\n      <p><strong>Musongati<\/strong> to miejsce, gdzie misja rozpocz\u0119\u0142a si\u0119 niemal od zera. Dom si\u00f3str po\u0142o\u017cony u podn\u00f3\u017ca g\u00f3ry Gitaramuka by\u0142 \u015bwiadkiem pierwszych, skromnych krok\u00f3w dzia\u0142alno\u015bci, gdy prowizoryczny o\u015brodek zdrowia funkcjonowa\u0142 pod rozk\u0142adan\u0105 palm\u0105.<\/p>\n\n      <p>Dzi\u0119ki wytrwa\u0142o\u015bci misjonarek, w latach 1978\u20131983 wybudowano Centrum Zdrowia, kt\u00f3re w 2010 roku uzyska\u0142o status szpitala \u015bw. J\u00f3zefa. Plac\u00f3wka ta korzysta z odnawialnych \u017ar\u00f3de\u0142 energii, takich jak panele s\u0142oneczne i w\u0142asna elektrownia wodna. Pracuje tu ponad sto os\u00f3b, a siostry prowadz\u0105 tak\u017ce szko\u0142\u0119 zawodow\u0105, anga\u017cuj\u0105 si\u0119 w katechez\u0119 i \u017cycie parafialne. Musongati pozostaje miejscem, gdzie modlitwa i praca tworz\u0105 trwa\u0142y fundament misyjnej pos\u0142ugi.<\/p>\n    <\/div>\n    <div class=\"img-col\">\n      <img decoding=\"async\" src=\"https:\/\/misje.karmelitanki.pl\/wp-content\/uploads\/2025\/05\/musongati-szpital-misje.jpg\" alt=\"Musongati - misja\">\n    <\/div>\n  <\/div>\n<\/div>\n\n<!-- Gitega-Songa -->\n<div class=\"section\">\n  <div class=\"content-wrapper\">\n    <div class=\"text-col\">\n      <p><strong>Gitega-Songa<\/strong>, po\u0142o\u017cona oko\u0142o 10 km od stolicy kraju, to dom formacyjny \u2013 duchowa przestrze\u0144, w kt\u00f3rej m\u0142ode kobiety przygotowuj\u0105 si\u0119 do \u017cycia zakonnego.<\/p>\n\n      <p>Wsp\u00f3lnot\u0119 tworz\u0105 siostry profeski, nowicjuszki i postulantki, kt\u00f3re ucz\u0105 si\u0119 modlitwy, odpowiedzialno\u015bci i s\u0142u\u017cby. Plac\u00f3wka prowadzi przedszkole i szko\u0142\u0119 podstawow\u0105, oferuje kursy szycia i informatyki, wspiera samodzielno\u015b\u0107 kobiet i m\u0142odzie\u017cy, a tak\u017ce wsp\u00f3\u0142pracuje z lokaln\u0105 spo\u0142eczno\u015bci\u0105. W Songa modlitwa przeplata si\u0119 z codzienn\u0105 trosk\u0105 o cz\u0142owieka.<\/p>\n    <\/div>\n    <div class=\"img-col\">\n      <img decoding=\"async\" src=\"https:\/\/misje.karmelitanki.pl\/wp-content\/uploads\/2023\/01\/szkola-pods_gitega-5.jpg\" alt=\"Gitega-Songa - dom formacyjny\">\n    <\/div>\n  <\/div>\n<\/div>\n\n<!-- Gasura -->\n<div class=\"section\">\n  <div class=\"content-wrapper\">\n    <div class=\"text-col\">\n      <p><strong>Gasura<\/strong> \u2013 po\u0142o\u017cona w p\u00f3\u0142nocnym Burundi \u2013 to plac\u00f3wka blisko ko\u015bcio\u0142a parafialnego i o\u015brodka zdrowia diecezji Muyinga.<\/p>\n\n      <p>Siostry prowadz\u0105 Centrum Zdrowia, zajmuj\u0105 si\u0119 katechez\u0105, organizuj\u0105 dni skupienia, wspieraj\u0105 dzia\u0142alno\u015b\u0107 Caritas i formuj\u0105 m\u0142ode siostry. To miejsce, gdzie modlitwa, praca i obecno\u015b\u0107 duchowa realnie zmieniaj\u0105 \u017cycie spo\u0142eczno\u015bci lokalnej, mimo trudnych warunk\u00f3w.<\/p>\n    <\/div>\n    <div class=\"img-col\">\n      <img decoding=\"async\" src=\"https:\/\/misje.karmelitanki.pl\/wp-content\/uploads\/2025\/05\/opieka-zdrowie-4.jpg\" alt=\"Gasura - Centrum Zdrowia\">\n\n    <\/div>\n  <\/div>\n<\/div>\n\n<!-- Bu\u017cumbura -->\n<div class=\"section\">\n  <div class=\"content-wrapper\">\n    <div class=\"text-col\">\n      <p><strong>Bu\u017cumbura<\/strong> \u2013 misja w najwi\u0119kszym mie\u015bcie i dawnej stolicy Burundi, po\u0142o\u017conym nad jeziorem Tanganika.<\/p>\n\n      <p>To tutaj w 1973 roku przyby\u0142y pierwsze misjonarki Karmelitanki Dzieci\u0105tka Jezus z Polski. Dzi\u015b siostry-studentki, g\u0142\u00f3wnie Burundyjki, ucz\u0105 si\u0119 i pe\u0142ni\u0105 pos\u0142ug\u0119 apostolsk\u0105, m.in. w parafii \u015bw. Micha\u0142a Archanio\u0142a.<\/p>\n\n      <p>Siostry \u0142\u0105cz\u0105 modlitw\u0119 z pomoc\u0105 potrzebuj\u0105cym \u2013 po\u015br\u00f3d kontrast\u00f3w wielkiego miasta, gdzie ub\u00f3stwo s\u0105siaduje z nowoczesno\u015bci\u0105. Ich obecno\u015b\u0107 to cichy znak mi\u0142o\u015bci i oddania \u2013 kontynuacja misji zapocz\u0105tkowanej ponad 50 lat temu.<\/p>\n    <\/div>\n    <div class=\"img-col\">\n      <img decoding=\"async\" src=\"https:\/\/misje.karmelitanki.pl\/wp-content\/uploads\/2025\/05\/bujumbura-misje.jpg\" alt=\"Musongati - misja\">\n    <\/div>\n  <\/div>\n<\/div>\n\n<!-- Gitega-Songa -->\n<!-- Gasura -->\n<!-- Bu\u017cumbura -->\n<!-- (wklej pe\u0142n\u0105 tre\u015b\u0107 z poprzedniej wersji tutaj) -->\n\n<a class=\"back-button\" href=\"#top\">\u2b06\ufe0f <\/a>\n\n\n<h3 id=\"rwanda-placowki\">Misja w Rwandzie<\/h3>\n\n<div class=\"section\">\n  <div class=\"content-wrapper\">\n    <div class=\"text-col\">\n      <p> <p><strong>Rugango<\/strong> to jedyna plac\u00f3wka Karmelitanek Dzieci\u0105tka Jezus w Rwandzie, po\u0142o\u017cona w po\u0142udniowej cz\u0119\u015bci kraju. Siostry rozpocz\u0119\u0142y swoj\u0105 misj\u0119 w tym miejscu w 1989 roku, podejmuj\u0105c dzia\u0142alno\u015b\u0107 w dziedzinie edukacji, katechezy oraz animacji liturgicznej.<\/p>\n\n      <p>Wsp\u00f3\u0142pracuj\u0105 z parafi\u0105 pw. \u015aw. Paw\u0142a, pos\u0142uguj\u0105c jako katechetki, zakrystianki i organistki. Anga\u017cuj\u0105 si\u0119 tak\u017ce w pomoc ubogim rodzinom oraz organizuj\u0105 dni skupienia i spotkania formacyjne dla dziewcz\u0105t rozeznaj\u0105cych powo\u0142anie.<\/p>\n\n      <p>Wspieraj\u0105 rozw\u00f3j dzieci i m\u0142odzie\u017cy poprzez program Adopcji Serca, dzi\u0119ki kt\u00f3remu wielu uczni\u00f3w otrzymuje nie tylko wykszta\u0142cenie, ale i pomoc materialn\u0105 oraz duchow\u0105.<\/p>\n\n      <p>Rugango, po bolesnych do\u015bwiadczeniach ludob\u00f3jstwa, staje si\u0119 dzi\u015b miejscem odradzaj\u0105cej si\u0119 nadziei, w kt\u00f3rym obecno\u015b\u0107 si\u00f3str przynosi poczucie pokoju i wsparcia duchowego.<\/p>.<\/p>\n    <\/div>\n    <div class=\"img-col\">\n      <img decoding=\"async\" src=\"https:\/\/misje.karmelitanki.pl\/wp-content\/uploads\/2023\/01\/ubodzy_rwanda-1.jpg\" alt=\"Rugango - misja w Rwandzie\">\n    <\/div>\n  <\/div>\n<\/div>\n\n<a class=\"back-button\" href=\"#top\">\u2b06\ufe0f <\/a>\n\n<h3 id=\"kamerun-placowki\">Dzia\u0142alno\u015b\u0107  w Kamerunie<\/h3>\n\n<!-- Dimako -->\n<div class=\"section\">\n  <div class=\"content-wrapper\">\n    <div class=\"text-col\">\n      <p><strong>Dimako<\/strong>, po\u0142o\u017cone we wschodnim Kamerunie, to gmina zamieszkana przez r\u00f3\u017cne grupy etniczne, m.in. Bakoum i Pigmej\u00f3w. Karmelitanki Dzieci\u0105tka Jezus dzia\u0142aj\u0105 tutaj w parafii pw. \u015aw. Jakuba, wsp\u00f3\u0142pracuj\u0105c z lokalnymi ksi\u0119\u017cmi.<\/p>\n\n      <p>Siostry prowadz\u0105 katechez\u0119, szko\u0142\u0119 podstawow\u0105, katolickie przedszkole, a tak\u017ce dbaj\u0105 o ko\u015bci\u00f3\u0142, zakrysti\u0119 i grupy ministrant\u00f3w. Wspieraj\u0105 powo\u0142ania poprzez spotkania i dni skupienia dla dziewcz\u0105t.<\/p>\n\n      <p>Dom zakonny i o\u015brodek zdrowia wybudowane przez siostry s\u0105 wa\u017cnym centrum duchowym i spo\u0142ecznym \u2013 s\u0142u\u017c\u0105 lokalnej, wielowyznaniowej spo\u0142eczno\u015bci.<\/p>\n    <\/div>\n    <div class=\"img-col\">\n      <img decoding=\"async\" src=\"https:\/\/misje.karmelitanki.pl\/wp-content\/uploads\/2023\/01\/przedszk_szkola_dimako-7.jpg\">\n    <\/div>\n  <\/div>\n<\/div>\n\n<!-- Koudandeng -->\n<div class=\"section\">\n  <div class=\"content-wrapper\">\n    <div class=\"text-col\">\n      <p><strong>Koudandeng<\/strong> to wioska po\u0142o\u017cona niedaleko stolicy Yaound\u00e9. Miejscowa parafia pw. \u015aw. Teresy od Dzieci\u0105tka Jezus nale\u017cy do diecezji Obala, kt\u00f3rej patronuje Matka Bo\u017ca z G\u00f3ry Karmel.<\/p>\n\n      <p>Przez 30 lat pos\u0142ugiwa\u0142y tu siostry kanadyjskiego zgromadzenia Opatrzno\u015bci Bo\u017cej. W 2014 r., z powodu braku powo\u0142a\u0144, misj\u0119 przekazano diecezji Obala. Dwa lata p\u00f3\u017aniej, w 2016 r., misj\u0119 przej\u0119\u0142y karmelitanki Dzieci\u0105tka Jezus, tworz\u0105c swoj\u0105 drug\u0105 plac\u00f3wk\u0119 w Kamerunie.<\/p>\n\n      <p>Siostry zamieszka\u0142y w opuszczonym domu i stopniowo podj\u0119\u0142y pos\u0142ug\u0119 jako zakrystianki, katechetki oraz animatorki powo\u0142a\u0144. Przej\u0119\u0142y dyrekcj\u0119 Szko\u0142y Katolickiej im. Mukassa i prowadzenie Centrum Zdrowia \u201eProvidence\u201d, kt\u00f3re zosta\u0142o odremontowane i wyposa\u017cone.<\/p>\n\n      <p>Plac\u00f3wka medyczna dzia\u0142a ca\u0142odobowo. Siostry kontynuuj\u0105 te\u017c program Adopcji Serca, wspieraj\u0105c dzieci dzi\u0119ki kanadyjskiej fundacji \u201el\u2019Ami\u201d.<\/p> <\/div>\n    <div class=\"img-col\">\n      <img decoding=\"async\" src=\"https:\/\/misje.karmelitanki.pl\/wp-content\/uploads\/2023\/01\/opieka_med_koudandeng-2.jpg\">\n    <\/div>\n    <div class=\"img-col\">\n      \n    <\/div>\n  <\/div>\n<\/div> <a class=\"back-button\" href=\"#top\">\u2b06\ufe0f <\/a>\n\n\n\n<center><p><a href=\"https:\/\/misje.karmelitanki.pl\/?page_id=5592\" style=\"color: #2e8b57; font-size: 24px; text-decoration: none;\">Powr\u00f3t<\/a><\/p><\/center>\n","protected":false},"excerpt":{"rendered":"<p>\u201eId\u017acie i g\u0142o\u015bcie&#8230;\u201d \u2013 to wezwanie Chrystusa prowadzi nas na misje, tam, gdzie potrzeba serca otwartego na Boga i drugiego cz\u0142owieka. Plac\u00f3wki misyjne Karmelitanek Dzieci\u0105tka Jezus s\u0105 przestrzeni\u0105 modlitwy, ofiary i mi\u0142o\u015bci bli\u017aniego. W Burundi, Rwandzie i Kamerunie pragniemy by\u0107 znakiem nadziei i Bo\u017cej obecno\u015bci. Plac\u00f3wki misyjne Karmelitanek Dzieci\u0105tka Jezus &hellip;<\/p>\n","protected":false},"author":1,"featured_media":0,"parent":0,"menu_order":0,"comment_status":"closed","ping_status":"closed","template":"","meta":{"footnotes":""},"class_list":["post-3880","page","type-page","status-publish","hentry"],"_links":{"self":[{"href":"https:\/\/misje.karmelitanki.pl\/index.php?rest_route=\/wp\/v2\/pages\/3880","targetHints":{"allow":["GET"]}}],"collection":[{"href":"https:\/\/misje.karmelitanki.pl\/index.php?rest_route=\/wp\/v2\/pages"}],"about":[{"href":"https:\/\/misje.karmelitanki.pl\/index.php?rest_route=\/wp\/v2\/types\/page"}],"author":[{"embeddable":true,"href":"https:\/\/misje.karmelitanki.pl\/index.php?rest_route=\/wp\/v2\/users\/1"}],"replies":[{"embeddable":true,"href":"https:\/\/misje.karmelitanki.pl\/index.php?rest_route=%2Fwp%2Fv2%2Fcomments&post=3880"}],"version-history":[{"count":30,"href":"https:\/\/misje.karmelitanki.pl\/index.php?rest_route=\/wp\/v2\/pages\/3880\/revisions"}],"predecessor-version":[{"id":5803,"href":"https:\/\/misje.karmelitanki.pl\/index.php?rest_route=\/wp\/v2\/pages\/3880\/revisions\/5803"}],"wp:attachment":[{"href":"https:\/\/misje.karmelitanki.pl\/index.php?rest_route=%2Fwp%2Fv2%2Fmedia&parent=3880"}],"curies":[{"name":"wp","href":"https:\/\/api.w.org\/{rel}","templated":true}]}}